{"id":1631,"date":"2024-07-26T10:18:06","date_gmt":"2024-07-26T10:18:06","guid":{"rendered":"https:\/\/casadasabelhinhas.pt\/wp\/?page_id=1631"},"modified":"2024-08-06T19:58:38","modified_gmt":"2024-08-06T19:58:38","slug":"politica-de-privacidade","status":"publish","type":"page","link":"https:\/\/casadasabelhinhas.pt\/wp\/politica-de-privacidade\/","title":{"rendered":"Pol\u00edtica de privacidade"},"content":{"rendered":"\t\t<div data-elementor-type=\"wp-page\" data-elementor-id=\"1631\" class=\"elementor elementor-1631\" data-elementor-post-type=\"page\">\n\t\t\t\t\t\t<section class=\"elementor-section elementor-top-section elementor-element elementor-element-a4484b7 elementor-section-height-min-height elementor-section-items-bottom elementor-section-boxed elementor-section-height-default\" data-id=\"a4484b7\" data-element_type=\"section\" data-settings=\"{&quot;background_background&quot;:&quot;classic&quot;}\">\n\t\t\t\t\t\t<div class=\"elementor-container elementor-column-gap-no\">\n\t\t\t\t\t<div class=\"elementor-column elementor-col-100 elementor-top-column elementor-element elementor-element-387c964\" data-id=\"387c964\" data-element_type=\"column\" data-settings=\"{&quot;background_background&quot;:&quot;classic&quot;}\">\n\t\t\t<div class=\"elementor-widget-wrap\">\n\t\t\t\t\t\t\t<\/div>\n\t\t<\/div>\n\t\t\t\t\t<\/div>\n\t\t<\/section>\n\t\t\t\t<section class=\"elementor-section elementor-top-section elementor-element elementor-element-da71bda elementor-section-content-middle envato-kit-141-top-0 elementor-section-full_width elementor-section-height-default elementor-section-height-default\" data-id=\"da71bda\" data-element_type=\"section\" data-settings=\"{&quot;background_background&quot;:&quot;classic&quot;}\">\n\t\t\t\t\t\t\t<div class=\"elementor-background-overlay\"><\/div>\n\t\t\t\t\t\t\t<div class=\"elementor-container elementor-column-gap-wide\">\n\t\t\t\t\t<div class=\"elementor-column elementor-col-100 elementor-top-column elementor-element elementor-element-7dd5aefc\" data-id=\"7dd5aefc\" data-element_type=\"column\">\n\t\t\t<div class=\"elementor-widget-wrap elementor-element-populated\">\n\t\t\t\t\t\t<div class=\"elementor-element elementor-element-403b5f52 elementor-invisible elementor-widget elementor-widget-heading\" data-id=\"403b5f52\" data-element_type=\"widget\" data-settings=\"{&quot;_animation&quot;:&quot;fadeIn&quot;,&quot;_animation_delay&quot;:50}\" data-widget_type=\"heading.default\">\n\t\t\t\t<div class=\"elementor-widget-container\">\n\t\t\t\t\t<h2 class=\"elementor-heading-title elementor-size-default\">PN<\/h2>\t\t\t\t<\/div>\n\t\t\t\t<\/div>\n\t\t\t\t<div class=\"elementor-element elementor-element-41cdb733 elementor-invisible elementor-widget elementor-widget-heading\" data-id=\"41cdb733\" data-element_type=\"widget\" data-settings=\"{&quot;_animation&quot;:&quot;fadeIn&quot;,&quot;_animation_delay&quot;:100}\" data-widget_type=\"heading.default\">\n\t\t\t\t<div class=\"elementor-widget-container\">\n\t\t\t\t\t<h2 class=\"elementor-heading-title elementor-size-default\">casa das abelhinhas<\/h2>\t\t\t\t<\/div>\n\t\t\t\t<\/div>\n\t\t\t\t<div class=\"elementor-element elementor-element-408c1bb0 elementor-widget-divider--view-line elementor-invisible elementor-widget elementor-widget-divider\" data-id=\"408c1bb0\" data-element_type=\"widget\" data-settings=\"{&quot;_animation&quot;:&quot;fadeIn&quot;,&quot;_animation_delay&quot;:300}\" data-widget_type=\"divider.default\">\n\t\t\t\t<div class=\"elementor-widget-container\">\n\t\t\t\t\t\t\t<div class=\"elementor-divider\">\n\t\t\t<span class=\"elementor-divider-separator\">\n\t\t\t\t\t\t<\/span>\n\t\t<\/div>\n\t\t\t\t\t\t<\/div>\n\t\t\t\t<\/div>\n\t\t\t\t<section class=\"elementor-section elementor-inner-section elementor-element elementor-element-4d7ff290 elementor-section-boxed elementor-section-height-default elementor-section-height-default\" data-id=\"4d7ff290\" data-element_type=\"section\">\n\t\t\t\t\t\t<div class=\"elementor-container elementor-column-gap-no\">\n\t\t\t\t\t<div class=\"elementor-column elementor-col-100 elementor-inner-column elementor-element elementor-element-4948df6d\" data-id=\"4948df6d\" data-element_type=\"column\">\n\t\t\t<div class=\"elementor-widget-wrap elementor-element-populated\">\n\t\t\t\t\t\t<div class=\"elementor-element elementor-element-47ab1cbe elementor-widget elementor-widget-spacer\" data-id=\"47ab1cbe\" data-element_type=\"widget\" data-widget_type=\"spacer.default\">\n\t\t\t\t<div class=\"elementor-widget-container\">\n\t\t\t\t\t\t\t<div class=\"elementor-spacer\">\n\t\t\t<div class=\"elementor-spacer-inner\"><\/div>\n\t\t<\/div>\n\t\t\t\t\t\t<\/div>\n\t\t\t\t<\/div>\n\t\t\t\t<div class=\"elementor-element elementor-element-16434542 elementor-widget elementor-widget-text-editor\" data-id=\"16434542\" data-element_type=\"widget\" data-widget_type=\"text-editor.default\">\n\t\t\t\t<div class=\"elementor-widget-container\">\n\t\t\t\t\t\t\t\t\t<p>O PN \u2013 Projeto Intergeracional, Lda, \u00e9 uma entidade privada e de car\u00e1ter lucrativo, composta pela Casa das Abelhinhas (Ber\u00e7\u00e1rio, Creche, Jardim de inf\u00e2ncia) e pela Casa dos Mestres (ERPI \u2013 Estrutura Residencial para Pessoas Idosas).<\/p>\n<p>O PN \u2013 Projeto Intergeracional, Lda compromete-se a garantir a privacidade dos dados pessoais recolhidos, presencialmente ou online, em conformidade com o novo normativo. O recurso a qualquer servi\u00e7o dispon\u00edvel nos s\u00edtios www.casadasabelhinhas.pt e www.casadosmestres.pt atribui ao indiv\u00edduo a condi\u00e7\u00e3o de utilizador, estando essa utiliza\u00e7\u00e3o sujeita \u00e0 aceita\u00e7\u00e3o das condi\u00e7\u00f5es explanadas na presente Pol\u00edtica de Privacidade dos Dados. O acesso ao s\u00edtio da internet ou \u00e0s redes sociais da Casa das Abelhinhas e Casa dos Mestres significa a concord\u00e2ncia e a aceita\u00e7\u00e3o da recolha e tratamento dos dados, de acordo com esta pol\u00edtica.<\/p>\n<p>O teor desta mat\u00e9ria \u00e9 meramente informativo e n\u00e3o dispensa a consulta da legisla\u00e7\u00e3o em vigor (Comiss\u00e3o Nacional de Prote\u00e7\u00e3o de Dados).<\/p>\n<h2>Porque Tratamos os Seus Dados Pessoais?<p><\/p>\n<\/h2>\n<p>A PN \u2013 Projeto Intergeracional, Lda trata os seus dados pessoais para as seguintes finalidades:<\/p>\n<p><strong>\u2013 Cumprimento de servi\u00e7os<\/strong>: Para agendamento de reuni\u00f5es, inscri\u00e7\u00f5es na lista de espera da creche, forma\u00e7\u00e3o e outros servi\u00e7os prestados pela institui\u00e7\u00e3o.<br><strong>\u2013 Interesse leg\u00edtimo<\/strong>:<\/p>\n<ul>\n<li>Desenvolvimento e manuten\u00e7\u00e3o do nosso website.<\/li>\n<li>Presta\u00e7\u00e3o de assist\u00eancia t\u00e9cnica.<\/li>\n<li>Preven\u00e7\u00e3o e dete\u00e7\u00e3o de fraude.<\/li>\n<li>Assegurar a seguran\u00e7a da rede e da informa\u00e7\u00e3o.<\/li>\n<\/ul>\n<p><strong>\u2013 Consentimento<\/strong>: Para tratar os seus dados pessoais para finalidades espec\u00edficas, expl\u00edcitas e leg\u00edtimas.<br><strong>\u2013 Obriga\u00e7\u00f5es legais<\/strong>: Para cumprimento de exig\u00eancias legais aplic\u00e1veis.<\/p>\n<h2>Cookies e Outras Tecnologias<p><\/p>\n<\/h2>\n<p>Utilizamos cookies e outras tecnologias para recolher informa\u00e7\u00f5es sobre o uso do nosso website, tais como:<\/p>\n<ul>\n<li>Informa\u00e7\u00f5es sobre o navegador e sistema operativo do dispositivo.<\/li>\n<li>Endere\u00e7o IP do dispositivo utilizado.<\/li>\n<li>P\u00e1ginas visitadas no nosso website.<\/li>\n<li>Links clicados enquanto interage com as p\u00e1ginas.<\/li>\n<\/ul><div><br><\/div>\n<h2>Finalidades de Tratamento dos Seus Dados Pessoais<p><\/p>\n<\/h2>\n<p><strong>Recolha e Tratamento de Dados Pessoais<\/strong><br>Ao preencher formul\u00e1rios no nosso website, os seus dados pessoais (como nome, e-mail e contacto telef\u00f3nico) s\u00e3o recolhidos e tratados pela PN \u2013 Projeto Intergeracional, Lda para responder \u00e0s suas quest\u00f5es, pedidos ou para prestar as informa\u00e7\u00f5es solicitadas. Estes dados tamb\u00e9m podem ser usados para outras finalidades, conforme descrito abaixo.<\/p>\n<p><strong>Gest\u00e3o de Clientes e Funcion\u00e1rios<\/strong><br>A recolha de dados pessoais atrav\u00e9s de formul\u00e1rios, impressos ou eletr\u00f4nicos, tem como objetivo a gest\u00e3o de clientes nas Respostas Sociais da PN \u2013 Projeto Intergeracional, Lda, bem como a gest\u00e3o dos funcion\u00e1rios da empresa e colaboradores.<\/p>\n<p><strong>Recrutamento e Sele\u00e7\u00e3o<\/strong><br>No caso de candidaturas a ofertas de emprego, os dados pessoais recolhidos (como nome, resid\u00eancia, estado civil, cart\u00e3o de cidad\u00e3o, contactos e Curriculum Vitae) s\u00e3o destinados exclusivamente ao processo de candidatura \u00e0 vaga em quest\u00e3o.<\/p>\n<p><strong>Obriga\u00e7\u00f5es Legais<\/strong><br>O fornecimento de dados pessoais \u00e9 exigido para o cumprimento de disposi\u00e7\u00f5es legais de natureza contratual, fiscal ou social. Os dados devem ser adequados \u00e0s finalidades da sua recolha, pertinentes e limitados ao fim para o qual foram recolhidos. Al\u00e9m disso, os contratos com prestadores de servi\u00e7os devem incluir exig\u00eancias espec\u00edficas relacionadas \u00e0 Pol\u00edtica de Privacidade.<\/p>\n<p><strong>Transfer\u00eancias de Dados para Terceiros<\/strong><br>Os dados pessoais podem ser transferidos para terceiros quando necess\u00e1rio para cumprir obriga\u00e7\u00f5es legais da PN \u2013 Projeto Intergeracional, Lda para com as autoridades governamentais (por exemplo, Autoridade Tribut\u00e1ria, Seguran\u00e7a Social) ou por consentimento expl\u00edcito do titular dos dados.<\/p>\n<p><strong>Registos Fotogr\u00e1ficos e Multim\u00e9dia<\/strong><br>O PN \u2013 Projeto Intergeracional, Lda efetua o registo fotogr\u00e1fico ou multim\u00e9dia das atividades e eventos organizados pela empresa para uso em comunica\u00e7\u00e3o interna e externa, como em newsletters, publica\u00e7\u00f5es em redes sociais ou no website. A divulga\u00e7\u00e3o das imagens relacionadas aos trabalhadores, clientes ou visitantes \u00e9 feita apenas com o consentimento do pr\u00f3prio ou do respons\u00e1vel pelo cliente, respeitando o direito \u00e0 prote\u00e7\u00e3o dos dados pessoais.<\/p>\n<p><strong>Outros Tratamentos de Dados Pessoais<\/strong><br>Os dados pessoais tamb\u00e9m podem ser tratados para efeitos estat\u00edsticos, disciplinares, investiga\u00e7\u00e3o, dete\u00e7\u00e3o e repress\u00e3o de crimes graves, conforme a legisla\u00e7\u00e3o vigente.<\/p>\n<h2>Direitos do Titular dos Dados<p><\/p>\n<\/h2>\n<p>Como titular dos dados pessoais, voc\u00ea tem direitos, incluindo:<\/p>\n<ul>\n<li><strong>Solicitar o acesso<\/strong>: Obter confirma\u00e7\u00e3o de que os seus dados est\u00e3o a ser tratados e, se for o caso, aceder a eles.<\/li>\n<li><strong>Solicitar retifica\u00e7\u00e3o<\/strong>: Se os dados estiverem incorretos ou incompletos, pode pedir a sua corre\u00e7\u00e3o.<\/li>\n<li><strong>Solicitar elimina\u00e7\u00e3o<\/strong>: Tem direito de solicitar a exclus\u00e3o dos seus dados se eles n\u00e3o forem mais necess\u00e1rios para a finalidade para a qual foram recolhidos, se retirar o consentimento para o tratamento ou se n\u00e3o houver base legal para o mesmo.<\/li>\n<li><strong>Solicitar limita\u00e7\u00e3o do tratamento<\/strong>: Para situa\u00e7\u00f5es como a contesta\u00e7\u00e3o da exatid\u00e3o dos dados ou quando o tratamento \u00e9 l\u00edcito, mas prefere manter os dados ao inv\u00e9s de elimin\u00e1-los.<\/li>\n<li><strong>Oposi\u00e7\u00e3o ao tratamento<\/strong>: Pode opor-se ao tratamento, especialmente para marketing direto ou interesses leg\u00edtimos.<\/li>\n<li><strong>Retirar o consentimento<\/strong>: Se o tratamento depender do seu consentimento, pode retir\u00e1-lo a qualquer momento.\n<\/li>\n<\/ul>\n<p>Para exercer qualquer um destes direitos, entre em contacto connosco pelo e-mail: direcao@projetointergeracional.pt. Poderemos solicitar comprova\u00e7\u00e3o de identidade para assegurar que a partilha dos dados \u00e9 feita apenas com o titular.<\/p>\n<h2>Seguran\u00e7a dos Dados Pessoais<p><\/p>\n<\/h2>\n<p>A seguran\u00e7a dos seus dados pessoais \u00e9 uma prioridade para a PN \u2013 Projeto Intergeracional, Lda. Para garantir a prote\u00e7\u00e3o dos dados, implementamos medidas de seguran\u00e7a apropriadas para prevenir o acesso n\u00e3o autorizado. Al\u00e9m disso, realizamos an\u00e1lises peri\u00f3dicas dos nossos sistemas e pol\u00edticas para assegurar que os dados est\u00e3o seguros e protegidos contra poss\u00edveis amea\u00e7as.<\/p>\n<p>No entanto, \u00e9 importante ressaltar que a transmiss\u00e3o de informa\u00e7\u00f5es atrav\u00e9s da Internet pode ter riscos inerentes. Embora fa\u00e7amos o poss\u00edvel para proteger a confidencialidade dos dados pessoais, n\u00e3o podemos garantir seguran\u00e7a absoluta durante a transmiss\u00e3o.<\/p>\n<h2>Confidencialidade das Informa\u00e7\u00f5es<p><\/p>\n<\/h2>\n<p>Comprometemo-nos a respeitar a confidencialidade das suas informa\u00e7\u00f5es. N\u00e3o vendemos, distribu\u00edmos ou comercializamos os seus dados pessoais para terceiros sem o seu consentimento expl\u00edcito. Os profissionais da PN \u2013 Projeto Intergeracional, Lda assumem o compromisso de manter a confidencialidade dos dados pessoais, seguindo a Pol\u00edtica de Privacidade e as leis aplic\u00e1veis.<\/p>\n<h2>Dura\u00e7\u00e3o da Conserva\u00e7\u00e3o dos Dados<p><\/p>\n<\/h2>\n<p>Conservamos os dados pessoais apenas pelo tempo necess\u00e1rio para cumprir as finalidades para as quais foram recolhidos. Em alguns casos, a lei pode exigir per\u00edodos mais longos.<\/p>\n<h2>Tem Alguma D\u00favida?<p><\/p>\n<\/h2>\n<p>Se tiver d\u00favidas sobre o tratamento dos seus dados pessoais ou quiser exercer qualquer dos seus direitos, entre em contacto pelo e-mail: direcao@projetointergeracional.pt.<\/p>\n<p>Reveja periodicamente esta Pol\u00edtica de Privacidade, pois ela pode ser atualizada ocasionalmente.<\/p>\t\t\t\t\t\t\t\t<\/div>\n\t\t\t\t<\/div>\n\t\t\t\t\t<\/div>\n\t\t<\/div>\n\t\t\t\t\t<\/div>\n\t\t<\/section>\n\t\t\t\t\t<\/div>\n\t\t<\/div>\n\t\t\t\t\t<\/div>\n\t\t<\/section>\n\t\t\t\t<\/div>\n\t\t","protected":false},"excerpt":{"rendered":"<p>PN casa das abelhinhas O PN \u2013 Projeto Intergeracional, Lda, \u00e9 uma entidade privada e de car\u00e1ter lucrativo, composta pela Casa das Abelhinhas (Ber\u00e7\u00e1rio, Creche, Jardim de inf\u00e2ncia) e pela Casa dos Mestres (ERPI \u2013 Estrutura Residencial para Pessoas Idosas). O PN \u2013 Projeto Intergeracional, Lda compromete-se a garantir a privacidade dos dados pessoais recolhidos, [&hellip;]<\/p>\n","protected":false},"author":3,"featured_media":0,"parent":0,"menu_order":0,"comment_status":"closed","ping_status":"closed","template":"elementor_header_footer","meta":{"footnotes":""},"class_list":["post-1631","page","type-page","status-publish","hentry"],"_links":{"self":[{"href":"https:\/\/casadasabelhinhas.pt\/wp\/wp-json\/wp\/v2\/pages\/1631","targetHints":{"allow":["GET"]}}],"collection":[{"href":"https:\/\/casadasabelhinhas.pt\/wp\/wp-json\/wp\/v2\/pages"}],"about":[{"href":"https:\/\/casadasabelhinhas.pt\/wp\/wp-json\/wp\/v2\/types\/page"}],"author":[{"embeddable":true,"href":"https:\/\/casadasabelhinhas.pt\/wp\/wp-json\/wp\/v2\/users\/3"}],"replies":[{"embeddable":true,"href":"https:\/\/casadasabelhinhas.pt\/wp\/wp-json\/wp\/v2\/comments?post=1631"}],"version-history":[{"count":25,"href":"https:\/\/casadasabelhinhas.pt\/wp\/wp-json\/wp\/v2\/pages\/1631\/revisions"}],"predecessor-version":[{"id":4343,"href":"https:\/\/casadasabelhinhas.pt\/wp\/wp-json\/wp\/v2\/pages\/1631\/revisions\/4343"}],"wp:attachment":[{"href":"https:\/\/casadasabelhinhas.pt\/wp\/wp-json\/wp\/v2\/media?parent=1631"}],"curies":[{"name":"wp","href":"https:\/\/api.w.org\/{rel}","templated":true}]}}